{"id":2132,"date":"2025-08-19T18:28:30","date_gmt":"2025-08-19T18:28:30","guid":{"rendered":"https:\/\/ivftirana.com\/?page_id=2132"},"modified":"2025-08-24T18:43:46","modified_gmt":"2025-08-24T18:43:46","slug":"infertility-treatments","status":"publish","type":"page","link":"https:\/\/ivftirana.com\/it\/infertility-treatments\/","title":{"rendered":"Trattamenti per l\u2019Infertilit\u00e0"},"content":{"rendered":"<div data-elementor-type=\"wp-page\" data-elementor-id=\"2132\" class=\"elementor elementor-2132\">\n\t\t\t\t<div class=\"elementor-element elementor-element-109b5fb e-con-full e-flex e-con e-parent\" data-id=\"109b5fb\" data-element_type=\"container\" data-e-type=\"container\">\n\t\t\t\t<div class=\"elementor-element elementor-element-6e720b3 elementor-widget elementor-widget-html\" data-id=\"6e720b3\" data-element_type=\"widget\" data-e-type=\"widget\" data-widget_type=\"html.default\">\n\t\t\t\t\t<style>\r\n.webstudio_albaniav45bb_medical_section{position:relative;margin-bottom:0px}\r\n.webstudio_albaniav45bb_hero_part{padding:130px 0 65px;background:linear-gradient(rgba(32,41,110,0.7),rgba(32,41,110,0.7)),url('https:\/\/ivftirana.com\/wp-content\/uploads\/2025\/08\/bg-1.jpg') center center\/cover;position:relative;height:616px;transform:translatex(0px) translatey(0px);background-attachment:scroll}\r\n.webstudio_albaniav45bb_container{max-width:950px;margin:0 auto;padding:0 20px;position:relative}\r\n.webstudio_albaniav45bb_header{text-align:center;margin-bottom:75px;padding:20px 0;padding-top:53px}\r\n.webstudio_albaniav45bb_subtitle{display:block;font-family:cursive;color:#07ccec;font-size:18px;margin-bottom:10px}\r\n.webstudio_albaniav45bb_title{font-size:48px;color:#ffffff;font-weight:700;line-height:1.3;margin:0 0 15px 0;font-family:sans-serif}\r\n@media (max-width:767px){\r\n.webstudio_albaniav45bb_hero_part{padding:20px 0 30px;height:350px!important;background-position:center center!important;background-size:cover!important;background-attachment:scroll!important;min-height:350px}\r\n.webstudio_albaniav45bb_container{padding:0 15px!important}\r\n.webstudio_albaniav45bb_header{padding:20px 0 30px;margin-bottom:0;padding-top:20px}\r\n.webstudio_albaniav45bb_title{font-size:28px}\r\n.webstudio_albaniav45bb_subtitle{font-size:16px}\r\n.e-con-full .elementor-widget-html .webstudio_albaniav45bb_hero_part{min-height:199px;height:119px !important}\r\n.webstudio_albaniav45bb_hero_part .webstudio_albaniav45bb_header h2{font-size:32px}\r\n}\r\n@media (max-width:480px){\r\n.webstudio_albaniav45bb_hero_part{height:300px!important;padding:15px 0 25px;min-height:300px!important;background-position:center center!important;background-size:cover!important;background-attachment:scroll!important}\r\n.webstudio_albaniav45bb_header{padding:20px 0 30px;padding-top:15px}\r\n.webstudio_albaniav45bb_title{font-size:24px}\r\n.webstudio_albaniav45bb_subtitle{font-size:14px}\r\n.e-con-full .elementor-widget-html .webstudio_albaniav45bb_hero_part{min-height:199px;height:119px !important}\r\n.webstudio_albaniav45bb_hero_part .webstudio_albaniav45bb_header h2{font-size:32px}\r\n}\r\n@media (min-width:768px){\r\n.webstudio_albaniav45bb_hero_part{padding-top:0px;padding-bottom:0px;height:268px}\r\n}\r\n<\/style>\r\n\r\n<section class=\"webstudio_albaniav45bb_medical_section\">\r\n    <div class=\"webstudio_albaniav45bb_hero_part\">\r\n        <div class=\"webstudio_albaniav45bb_container\">\r\n            <div class=\"webstudio_albaniav45bb_header\">\r\n                <span class=\"webstudio_albaniav45bb_subtitle\">Medical & General Care!<\/span>\r\n                <h2 class=\"webstudio_albaniav45bb_title\">Trattamenti per l\u2019Infertilit\u00e0<\/h2>\r\n            <\/div>\r\n        <\/div>\r\n    <\/div>\r\n<\/section>\t\t\t\t<\/div>\n\t\t\t\t<div class=\"elementor-element elementor-element-30787e7 elementor-widget elementor-widget-html\" data-id=\"30787e7\" data-element_type=\"widget\" data-e-type=\"widget\" data-widget_type=\"html.default\">\n\t\t\t\t\t<style>\r\n.webstudio_albaniav45d_section{position:relative;padding:100px 0}\r\n.webstudio_albaniav45d_container{display:flex;margin:0 auto;position:relative;padding:0 10px}\r\n.webstudio_albaniav45d_column{display:flex;min-height:1px;position:relative}\r\n.webstudio_albaniav45d_col_left{width:50%}\r\n.webstudio_albaniav45d_col_right{width:50%;margin-left:40px}\r\n.webstudio_albaniav45d_image_container{position:relative;margin-right:-25px}\r\n.webstudio_albaniav45d_image_container img{border-radius:20px;max-width:100%;height:auto;vertical-align:middle}\r\n.webstudio_albaniav45d_award{position:absolute;right:0;top:0;max-width:130px;background-color:#ffffff;padding:0 0 25px 25px;border-radius:0 0 0 20px}\r\n.webstudio_albaniav45d_award img{max-width:100%;height:auto}\r\n.webstudio_albaniav45d_shape_left{position:absolute;top:0;left:-30px;transform:rotate(450deg);width:30px;height:30px}\r\n.webstudio_albaniav45d_shape_right{position:absolute;bottom:-30px;right:0;transform:rotate(90deg);width:30px;height:30px}\r\n.webstudio_albaniav45d_shape_svg{width:30px;height:30px;fill:#ffffff;vertical-align:middle}\r\n.webstudio_albaniav45d_content{padding-left:90px}\r\n.webstudio_albaniav45d_subtitle{font-size:12px;font-weight:700;color:#0B55E5;display:block;margin-bottom:12px;font-family:Arial,sans-serif}\r\n.webstudio_albaniav45d_title{font-size:42px;margin-bottom:12px;line-height:1.3;color:#020D2B;font-weight:500;font-family:Arial,sans-serif;margin-top:0}\r\n.webstudio_albaniav45d_title strong{font-weight:700}\r\n.webstudio_albaniav45d_text{margin-bottom:5px;line-height:1.8;font-weight:normal;color:#444F6F;font-family:Arial,sans-serif;margin-top:0}\r\n.webstudio_albaniav45d_list{display:flex;align-items:center;margin:20px 0 0;padding:0;list-style:none}\r\n.webstudio_albaniav45d_list_item{list-style-type:none;margin-right:30px}\r\n.webstudio_albaniav45d_list_item:last-child{margin-right:0;border-left:1px solid #E7E9FD;padding-left:25px}\r\n.webstudio_albaniav45d_btn{display:inline-flex;padding:13px 20px 13.5px 55px;justify-content:center;align-items:center;background-color:#9588E8;color:#ffffff;font-size:15px;font-weight:500;border-radius:50px;position:relative;transition:0.6s;text-decoration:none;font-family:Arial,sans-serif}\r\n.webstudio_albaniav45d_btn:hover{background-color:#0B55E5}\r\n.webstudio_albaniav45d_btn_icon{font-size:25px;position:absolute;left:20px;top:50%;transform:translateY(-50%)}\r\n.webstudio_albaniav45d_btn_icon:before{content:\"\u2192\"}\r\n.webstudio_albaniav45d_founder{display:flex;align-items:center;gap:15px}\r\n.webstudio_albaniav45d_founder_image img{max-width:50px;border-radius:50%}\r\n.webstudio_albaniav45d_founder_name{font-size:18px;margin-bottom:0;font-weight:700;color:#020D2B;font-family:Arial,sans-serif}\r\n.webstudio_albaniav45d_founder_title{font-size:15px;display:block;margin-top:5px;color:#444F6F;font-family:Arial,sans-serif}\r\n\r\n.webstudio_albaniav45d_features_section{margin-top:40px;width:100%}\r\n.webstudio_albaniav45d_features_row{display:flex;gap:15px;width:100%}\r\n.webstudio_albaniav45d_feature_col{flex:1;min-width:0}\r\n.webstudio_albaniav45d_box{position:relative;background-color:#ffffff;border-radius:10px;border:1px solid #eeeeee;padding:10px 5px;transition:all 300ms ease;width:100%;overflow:hidden}\r\n.webstudio_albaniav45d_box:before{position:absolute;left:0;bottom:0;height:3px;width:100%;content:\"\";background:#ff76a6;border-radius:0 0 10px 10px;transform:scaleX(0);transform-origin:left;transition:transform 500ms ease}\r\n.webstudio_albaniav45d_box:hover{border-color:#ff76a6;border-radius:15px;transform:translateY(-2px);box-shadow:0 8px 25px rgba(255, 118, 166, 0.15)}\r\n.webstudio_albaniav45d_box:hover:before{transform:scaleX(1);border-radius:0 0 15px 15px}\r\n.webstudio_albaniav45d_box h4{font-size:18px;line-height:1.2em;font-weight:700;margin-bottom:10px;color:#020D2B;font-family:Arial,sans-serif;margin-top:0}\r\n.webstudio_albaniav45d_box p{font-size:15px;line-height:22px;color:#666666;font-weight:400;margin:0;font-family:Arial,sans-serif}\r\n\r\n@media(max-width:1399px){\r\n.webstudio_albaniav45d_image_container{margin-right:0}\r\n.webstudio_albaniav45d_content{padding-left:0}\r\n}\r\n@media(max-width:1024px){\r\n.webstudio_albaniav45d_features_row{gap:10px}\r\n.webstudio_albaniav45d_box{padding:15px 10px}\r\n.webstudio_albaniav45d_box h4{font-size:14px;margin-bottom:6px}\r\n.webstudio_albaniav45d_box p{font-size:12px;line-height:18px}\r\n}\r\n@media(max-width:768px){\r\n.webstudio_albaniav45d_container{flex-direction:column;padding:0 5px}\r\n.webstudio_albaniav45d_col_left,.webstudio_albaniav45d_col_right{width:100%}\r\n.webstudio_albaniav45d_col_right{margin-left:0;margin-top:20px}\r\n.webstudio_albaniav45d_content{padding-left:0}\r\n.webstudio_albaniav45d_title{font-size:32px}\r\n.webstudio_albaniav45d_list{flex-direction:column;align-items:flex-start;gap:20px}\r\n.webstudio_albaniav45d_list_item{margin-right:0}\r\n.webstudio_albaniav45d_list_item:last-child{border-left:none;padding-left:0;border-top:1px solid #E7E9FD;padding-top:20px}\r\n.webstudio_albaniav45d_features_row{flex-direction:column;gap:15px}\r\n.webstudio_albaniav45d_box{padding:20px 15px}\r\n.webstudio_albaniav45d_box h4{font-size:18px;margin-bottom:10px}\r\n.webstudio_albaniav45d_box p{font-size:15px;line-height:24px}\r\n}\r\n@media(max-width:480px){\r\n.webstudio_albaniav45d_section{padding:60px 0}\r\n.webstudio_albaniav45d_title{font-size:28px}\r\n.webstudio_albaniav45d_btn{padding:12px 15px 12px 45px;font-size:14px}\r\n.webstudio_albaniav45d_btn_icon{left:15px;font-size:20px}\r\n}\r\n\r\n\/* Webstudio albaniav45d section *\/\r\n.e-con-full .elementor-widget-html .webstudio_albaniav45d_section{\r\n\tpadding-top:20px;\r\n\tpadding-bottom:20px;\r\n}\r\n<\/style>\r\n\r\n<section class=\"webstudio_albaniav45d_section\">\r\n    <div class=\"webstudio_albaniav45d_container\">\r\n        <div class=\"webstudio_albaniav45d_column webstudio_albaniav45d_col_left\">\r\n            <div class=\"webstudio_albaniav45d_image_container\">\r\n                <img decoding=\"async\" src=\"https:\/\/ivftirana.com\/wp-content\/uploads\/2025\/08\/about.jpg\" alt=\"About Hospa\" loading=\"lazy\">\r\n                <div class=\"webstudio_albaniav45d_award\">\r\n                    <img decoding=\"async\" src=\"https:\/\/ivftirana.com\/wp-content\/uploads\/2025\/08\/award-1.png\" alt=\"Award\" loading=\"lazy\">\r\n                    <div class=\"webstudio_albaniav45d_shape_left\">\r\n                        <svg viewbox=\"0 0 11 11\" fill=\"none\" xmlns=\"http:\/\/www.w3.org\/2000\/svg\" class=\"webstudio_albaniav45d_shape_svg\">\r\n                            <path d=\"M11 1.54972e-06L0 0L2.38419e-07 11C1.65973e-07 4.92487 4.92487 1.62217e-06 11 1.54972e-06Z\"><\/path>\r\n                        <\/svg>\r\n                    <\/div>\r\n                    <div class=\"webstudio_albaniav45d_shape_right\">\r\n                        <svg viewbox=\"0 0 11 11\" fill=\"none\" xmlns=\"http:\/\/www.w3.org\/2000\/svg\" class=\"webstudio_albaniav45d_shape_svg\">\r\n                            <path d=\"M11 1.54972e-06L0 0L2.38419e-07 11C1.65973e-07 4.92487 4.92487 1.62217e-06 11 1.54972e-06Z\"><\/path>\r\n                        <\/svg>\r\n                    <\/div>\r\n                <\/div>\r\n            <\/div>\r\n        <\/div>\r\n        <div class=\"webstudio_albaniav45d_column webstudio_albaniav45d_col_right\">\r\n            <div class=\"webstudio_albaniav45d_content\">\r\n                <span class=\"webstudio_albaniav45d_subtitle\">CHI SIAMO \u2014 \"IVF CLINIC TIRANA\"<\/span>\r\n                <h2 class=\"webstudio_albaniav45d_title\">Trattamenti per l\u2019Infertilit\u00e0<\/strong><\/h2>\r\n                <p class=\"webstudio_albaniav45d_text\">L'infertilit\u00e0 \u00e8 una condizione in cui una coppia non riesce a ottenere una gravidanza dopo un anno di tentativi regolari senza protezione. I trattamenti per l'infertilit\u00e0 mirano a identificare e affrontare le cause sottostanti, aumentando le possibilit\u00e0 di concepimento. Questi trattamenti vanno da metodi semplici a procedure avanzate di tecnologia di riproduzione assistita (ART). Di seguito \u00e8 riportato un riepilogo dei principali trattamenti per l'infertilit\u00e0, basato sulle pratiche mediche standard. <\/p>\r\n                <p class=\"webstudio_albaniav45d_text\">1. Farmaci per la fertilit\u00e0\r\n<br>\r\nFarmaci come il citrato di clomifene o le gonadotropine stimolano l'ovulazione nelle donne o migliorano la produzione di spermatozoi negli uomini. Vengono spesso utilizzati come primo passo per disturbi ormonali o ovulazione irregolare. Possono essere combinati con il monitoraggio per aumentarne l'efficacia.<\/br><br>\r\n2. Inseminazione intrauterina (IUI)<br>\r\n\r\nL'IUI \u00e8 una procedura semplice in cui lo sperma preparato viene iniettato direttamente nell'utero durante l'ovulazione. \u00c8 adatta per infertilit\u00e0 maschile lieve, disturbi cervicali o quando si utilizza un donatore di spermatozoi. Il successo varia dal 10 al 20% per ciclo.<\/br><br>\r\n<\/p>\r\n                \r\n                <div class=\"webstudio_albaniav45d_features_section\">\r\n                    <div class=\"webstudio_albaniav45d_features_row\">\r\n                        <div class=\"webstudio_albaniav45d_feature_col\">\r\n                            <div class=\"webstudio_albaniav45d_box\">\r\n                                <h4>Storia Affidabile<\/h4>\r\n                                <p>Storia della clinica, competenze e traguardi raggiunti<\/p>\r\n                            <\/div>\r\n                        <\/div>\r\n                        <div class=\"webstudio_albaniav45d_feature_col\">\r\n                            <div class=\"webstudio_albaniav45d_box\">\r\n                                <h4>Missione e Valori Chiari<\/h4>\r\n                                <p>Trasformare vite e creare risultati di successo con fiducia.<\/p>\r\n                            <\/div>\r\n                        <\/div>\r\n                        <div class=\"webstudio_albaniav45d_feature_col\">\r\n                            <div class=\"webstudio_albaniav45d_box\">\r\n                                <h4>Tecnologia Moderna &amp; Competenza<\/h4>\r\n                                <p>Tecnologie riproduttive all\u2019avanguardia e specialisti esperti.<\/p>\r\n                            <\/div>\r\n                        <\/div>\r\n                    <\/div>\r\n                <\/div>\r\n\r\n            <\/div>\r\n        <\/div>\r\n    <\/div>\r\n<\/section>\t\t\t\t<\/div>\n\t\t\t\t<\/div>\n\t\t<div class=\"elementor-element elementor-element-35901ea e-grid e-con-full e-con e-parent\" data-id=\"35901ea\" data-element_type=\"container\" data-e-type=\"container\">\n\t\t\t\t<div class=\"elementor-element elementor-element-fa1ce96 elementor-widget elementor-widget-text-editor\" data-id=\"fa1ce96\" data-element_type=\"widget\" data-e-type=\"widget\" data-widget_type=\"text-editor.default\">\n\t\t\t\t\t\t\t\t\t<p><strong>3. Fecondazione In Vitro<\/strong><\/p><p>La fecondazione in vitro (IVF) prevede l'estrazione delle uova dalle ovaie, la loro fecondazione con spermatozoi in laboratorio e il trasferimento degli embrioni nell'utero. \u00c8 efficace per ostruzioni tubariche, infertilit\u00e0 inspiegabile o et\u00e0 avanzata. Il successo pu\u00f2 raggiungere il 40-50% per ciclo nelle donne sotto i 35 anni.<\/p>\t\t\t\t\t\t\t\t<\/div>\n\t\t\t\t<div class=\"elementor-element elementor-element-df0c1b6 elementor-widget elementor-widget-text-editor\" data-id=\"df0c1b6\" data-element_type=\"widget\" data-e-type=\"widget\" data-widget_type=\"text-editor.default\">\n\t\t\t\t\t\t\t\t\t<p><strong>4. Congelamento di ovuli o spermatozoi (Crioconservazione)<\/strong><\/p><p>Questo consente di conservare ovuli, spermatozoi o embrioni per un uso futuro, soprattutto per i pazienti che devono affrontare la chemioterapia o che desiderano posticipare la genitorialit\u00e0. \u00c8 un'opzione preventiva per la fertilit\u00e0.<\/p>\t\t\t\t\t\t\t\t<\/div>\n\t\t\t\t<div class=\"elementor-element elementor-element-72940f6 elementor-widget elementor-widget-text-editor\" data-id=\"72940f6\" data-element_type=\"widget\" data-e-type=\"widget\" data-widget_type=\"text-editor.default\">\n\t\t\t\t\t\t\t\t\t<p><strong>5. Test genetico preimpianto (PGT)<\/strong><\/p><p>Durante la fecondazione in vitro, gli embrioni vengono testati per anomalie genetiche per selezionare quelli sani, riducendo il rischio di aborto spontaneo o disturbi ereditari<\/p>\t\t\t\t\t\t\t\t<\/div>\n\t\t\t\t<div class=\"elementor-element elementor-element-770fe1c elementor-widget elementor-widget-text-editor\" data-id=\"770fe1c\" data-element_type=\"widget\" data-e-type=\"widget\" data-widget_type=\"text-editor.default\">\n\t\t\t\t\t\t\t\t\t<p><strong>6. Donazione di ovuli o spermatozoi<\/strong><\/p><p>Nei casi gravi, vengono utilizzati ovuli o spermatozoi da donatori nella fecondazione in vitro.<\/p>\t\t\t\t\t\t\t\t<\/div>\n\t\t\t\t<\/div>\n\t\t\t\t<\/div>","protected":false},"excerpt":{"rendered":"<p>Medical &#038; General Care! Infertility Treatments ABOUT &#8220;IVF CLINIC TIRANA&#8221; Infertility Treatments Infertility is a condition where a couple fails to achieve pregnancy after one year of regular unprotected attempts. Infertility treatments aim to identify and address the underlying causes, increasing the chances of conception. These treatments range from simple methods to advanced assisted reproductive [&hellip;]<\/p>\n","protected":false},"author":2,"featured_media":0,"parent":0,"menu_order":0,"comment_status":"closed","ping_status":"closed","template":"","meta":{"footnotes":""},"class_list":["post-2132","page","type-page","status-publish","hentry"],"_links":{"self":[{"href":"https:\/\/ivftirana.com\/it\/wp-json\/wp\/v2\/pages\/2132","targetHints":{"allow":["GET"]}}],"collection":[{"href":"https:\/\/ivftirana.com\/it\/wp-json\/wp\/v2\/pages"}],"about":[{"href":"https:\/\/ivftirana.com\/it\/wp-json\/wp\/v2\/types\/page"}],"author":[{"embeddable":true,"href":"https:\/\/ivftirana.com\/it\/wp-json\/wp\/v2\/users\/2"}],"replies":[{"embeddable":true,"href":"https:\/\/ivftirana.com\/it\/wp-json\/wp\/v2\/comments?post=2132"}],"version-history":[{"count":52,"href":"https:\/\/ivftirana.com\/it\/wp-json\/wp\/v2\/pages\/2132\/revisions"}],"predecessor-version":[{"id":2335,"href":"https:\/\/ivftirana.com\/it\/wp-json\/wp\/v2\/pages\/2132\/revisions\/2335"}],"wp:attachment":[{"href":"https:\/\/ivftirana.com\/it\/wp-json\/wp\/v2\/media?parent=2132"}],"curies":[{"name":"wp","href":"https:\/\/api.w.org\/{rel}","templated":true}]}}