{"id":2157,"date":"2025-08-20T14:46:03","date_gmt":"2025-08-20T14:46:03","guid":{"rendered":"https:\/\/ivftirana.com\/?page_id=2157"},"modified":"2025-08-24T18:32:57","modified_gmt":"2025-08-24T18:32:57","slug":"hysterosalpingography-hsg","status":"publish","type":"page","link":"https:\/\/ivftirana.com\/sq\/hysterosalpingography-hsg\/","title":{"rendered":"Histerosalpingografia (HSG)"},"content":{"rendered":"<div data-elementor-type=\"wp-page\" data-elementor-id=\"2157\" class=\"elementor elementor-2157\">\n\t\t\t\t<div class=\"elementor-element elementor-element-109b5fb e-con-full e-flex e-con e-parent\" data-id=\"109b5fb\" data-element_type=\"container\" data-e-type=\"container\">\n\t\t\t\t<div class=\"elementor-element elementor-element-6e720b3 elementor-widget elementor-widget-html\" data-id=\"6e720b3\" data-element_type=\"widget\" data-e-type=\"widget\" data-widget_type=\"html.default\">\n\t\t\t\t\t<style>\r\n.webstudio_albaniav45bb_medical_section{position:relative;margin-bottom:0px}\r\n.webstudio_albaniav45bb_hero_part{padding:130px 0 65px;background:linear-gradient(rgba(32,41,110,0.7),rgba(32,41,110,0.7)),url('https:\/\/ivftirana.com\/wp-content\/uploads\/2025\/08\/bg-1.jpg') center center\/cover;position:relative;height:616px;transform:translatex(0px) translatey(0px);background-attachment:scroll}\r\n.webstudio_albaniav45bb_container{max-width:950px;margin:0 auto;padding:0 20px;position:relative}\r\n.webstudio_albaniav45bb_header{text-align:center;margin-bottom:75px;padding:20px 0;padding-top:53px}\r\n.webstudio_albaniav45bb_subtitle{display:block;font-family:cursive;color:#07ccec;font-size:18px;margin-bottom:10px}\r\n.webstudio_albaniav45bb_title{font-size:48px;color:#ffffff;font-weight:700;line-height:1.3;margin:0 0 15px 0;font-family:sans-serif}\r\n@media (max-width:767px){\r\n.webstudio_albaniav45bb_hero_part{padding:20px 0 30px;height:350px!important;background-position:center center!important;background-size:cover!important;background-attachment:scroll!important;min-height:350px}\r\n.webstudio_albaniav45bb_container{padding:0 15px!important}\r\n.webstudio_albaniav45bb_header{padding:20px 0 30px;margin-bottom:0;padding-top:20px}\r\n.webstudio_albaniav45bb_title{font-size:28px}\r\n.webstudio_albaniav45bb_subtitle{font-size:16px}\r\n.e-con-full .elementor-widget-html .webstudio_albaniav45bb_hero_part{min-height:199px;height:119px !important}\r\n.webstudio_albaniav45bb_hero_part .webstudio_albaniav45bb_header h2{font-size:32px}\r\n}\r\n@media (max-width:480px){\r\n.webstudio_albaniav45bb_hero_part{height:300px!important;padding:15px 0 25px;min-height:300px!important;background-position:center center!important;background-size:cover!important;background-attachment:scroll!important}\r\n.webstudio_albaniav45bb_header{padding:20px 0 30px;padding-top:15px}\r\n.webstudio_albaniav45bb_title{font-size:24px}\r\n.webstudio_albaniav45bb_subtitle{font-size:14px}\r\n.e-con-full .elementor-widget-html .webstudio_albaniav45bb_hero_part{min-height:199px;height:119px !important}\r\n.webstudio_albaniav45bb_hero_part .webstudio_albaniav45bb_header h2{font-size:32px}\r\n}\r\n@media (min-width:768px){\r\n.webstudio_albaniav45bb_hero_part{padding-top:0px;padding-bottom:0px;height:268px}\r\n}\r\n<\/style>\r\n\r\n<section class=\"webstudio_albaniav45bb_medical_section\">\r\n    <div class=\"webstudio_albaniav45bb_hero_part\">\r\n        <div class=\"webstudio_albaniav45bb_container\">\r\n            <div class=\"webstudio_albaniav45bb_header\">\r\n                <span class=\"webstudio_albaniav45bb_subtitle\">Medical & Personalized Care!<\/span>\r\n                <h2 class=\"webstudio_albaniav45bb_title\">Histerosalpingografia (HSG)<\/h2>\r\n            <\/div>\r\n        <\/div>\r\n    <\/div>\r\n<\/section>\t\t\t\t<\/div>\n\t\t\t\t<div class=\"elementor-element elementor-element-30787e7 elementor-widget elementor-widget-html\" data-id=\"30787e7\" data-element_type=\"widget\" data-e-type=\"widget\" data-widget_type=\"html.default\">\n\t\t\t\t\t<style>\r\n.webstudio_albaniav45d_section{position:relative;padding:100px 0}\r\n.webstudio_albaniav45d_container{display:flex;margin:0 auto;position:relative;padding:0 10px}\r\n.webstudio_albaniav45d_column{display:flex;min-height:1px;position:relative}\r\n.webstudio_albaniav45d_col_left{width:50%}\r\n.webstudio_albaniav45d_col_right{width:50%;margin-left:40px}\r\n.webstudio_albaniav45d_image_container{position:relative;margin-right:-25px}\r\n.webstudio_albaniav45d_image_container img{border-radius:20px;max-width:100%;height:auto;vertical-align:middle}\r\n.webstudio_albaniav45d_award{position:absolute;right:0;top:0;max-width:130px;background-color:#ffffff;padding:0 0 25px 25px;border-radius:0 0 0 20px}\r\n.webstudio_albaniav45d_award img{max-width:100%;height:auto}\r\n.webstudio_albaniav45d_shape_left{position:absolute;top:0;left:-30px;transform:rotate(450deg);width:30px;height:30px}\r\n.webstudio_albaniav45d_shape_right{position:absolute;bottom:-30px;right:0;transform:rotate(90deg);width:30px;height:30px}\r\n.webstudio_albaniav45d_shape_svg{width:30px;height:30px;fill:#ffffff;vertical-align:middle}\r\n.webstudio_albaniav45d_content{padding-left:90px}\r\n.webstudio_albaniav45d_subtitle{font-size:12px;font-weight:700;color:#0B55E5;display:block;margin-bottom:12px;font-family:Arial,sans-serif}\r\n.webstudio_albaniav45d_title{font-size:42px;margin-bottom:12px;line-height:1.3;color:#020D2B;font-weight:500;font-family:Arial,sans-serif;margin-top:0}\r\n.webstudio_albaniav45d_title strong{font-weight:700}\r\n.webstudio_albaniav45d_text{margin-bottom:5px;line-height:1.8;font-weight:normal;color:#444F6F;font-family:Arial,sans-serif;margin-top:0}\r\n.webstudio_albaniav45d_list{display:flex;align-items:center;margin:20px 0 0;padding:0;list-style:none}\r\n.webstudio_albaniav45d_list_item{list-style-type:none;margin-right:30px}\r\n.webstudio_albaniav45d_list_item:last-child{margin-right:0;border-left:1px solid #E7E9FD;padding-left:25px}\r\n.webstudio_albaniav45d_btn{display:inline-flex;padding:13px 20px 13.5px 55px;justify-content:center;align-items:center;background-color:#9588E8;color:#ffffff;font-size:15px;font-weight:500;border-radius:50px;position:relative;transition:0.6s;text-decoration:none;font-family:Arial,sans-serif}\r\n.webstudio_albaniav45d_btn:hover{background-color:#0B55E5}\r\n.webstudio_albaniav45d_btn_icon{font-size:25px;position:absolute;left:20px;top:50%;transform:translateY(-50%)}\r\n.webstudio_albaniav45d_btn_icon:before{content:\"\u2192\"}\r\n.webstudio_albaniav45d_founder{display:flex;align-items:center;gap:15px}\r\n.webstudio_albaniav45d_founder_image img{max-width:50px;border-radius:50%}\r\n.webstudio_albaniav45d_founder_name{font-size:18px;margin-bottom:0;font-weight:700;color:#020D2B;font-family:Arial,sans-serif}\r\n.webstudio_albaniav45d_founder_title{font-size:15px;display:block;margin-top:5px;color:#444F6F;font-family:Arial,sans-serif}\r\n\r\n.webstudio_albaniav45d_features_section{margin-top:40px;width:100%}\r\n.webstudio_albaniav45d_features_row{display:flex;gap:15px;width:100%}\r\n.webstudio_albaniav45d_feature_col{flex:1;min-width:0}\r\n.webstudio_albaniav45d_box{position:relative;background-color:#ffffff;border-radius:10px;border:1px solid #eeeeee;padding:10px 5px;transition:all 300ms ease;width:100%;overflow:hidden}\r\n.webstudio_albaniav45d_box:before{position:absolute;left:0;bottom:0;height:3px;width:100%;content:\"\";background:#ff76a6;border-radius:0 0 10px 10px;transform:scaleX(0);transform-origin:left;transition:transform 500ms ease}\r\n.webstudio_albaniav45d_box:hover{border-color:#ff76a6;border-radius:15px;transform:translateY(-2px);box-shadow:0 8px 25px rgba(255, 118, 166, 0.15)}\r\n.webstudio_albaniav45d_box:hover:before{transform:scaleX(1);border-radius:0 0 15px 15px}\r\n.webstudio_albaniav45d_box h4{font-size:18px;line-height:1.2em;font-weight:700;margin-bottom:10px;color:#020D2B;font-family:Arial,sans-serif;margin-top:0}\r\n.webstudio_albaniav45d_box p{font-size:15px;line-height:22px;color:#666666;font-weight:400;margin:0;font-family:Arial,sans-serif}\r\n\r\n@media(max-width:1399px){\r\n.webstudio_albaniav45d_image_container{margin-right:0}\r\n.webstudio_albaniav45d_content{padding-left:0}\r\n}\r\n@media(max-width:1024px){\r\n.webstudio_albaniav45d_features_row{gap:10px}\r\n.webstudio_albaniav45d_box{padding:15px 10px}\r\n.webstudio_albaniav45d_box h4{font-size:14px;margin-bottom:6px}\r\n.webstudio_albaniav45d_box p{font-size:12px;line-height:18px}\r\n}\r\n@media(max-width:768px){\r\n.webstudio_albaniav45d_container{flex-direction:column;padding:0 5px}\r\n.webstudio_albaniav45d_col_left,.webstudio_albaniav45d_col_right{width:100%}\r\n.webstudio_albaniav45d_col_right{margin-left:0;margin-top:20px}\r\n.webstudio_albaniav45d_content{padding-left:0}\r\n.webstudio_albaniav45d_title{font-size:32px}\r\n.webstudio_albaniav45d_list{flex-direction:column;align-items:flex-start;gap:20px}\r\n.webstudio_albaniav45d_list_item{margin-right:0}\r\n.webstudio_albaniav45d_list_item:last-child{border-left:none;padding-left:0;border-top:1px solid #E7E9FD;padding-top:20px}\r\n.webstudio_albaniav45d_features_row{flex-direction:column;gap:15px}\r\n.webstudio_albaniav45d_box{padding:20px 15px}\r\n.webstudio_albaniav45d_box h4{font-size:18px;margin-bottom:10px}\r\n.webstudio_albaniav45d_box p{font-size:15px;line-height:24px}\r\n}\r\n@media(max-width:480px){\r\n.webstudio_albaniav45d_section{padding:60px 0}\r\n.webstudio_albaniav45d_title{font-size:28px}\r\n.webstudio_albaniav45d_btn{padding:12px 15px 12px 45px;font-size:14px}\r\n.webstudio_albaniav45d_btn_icon{left:15px;font-size:20px}\r\n}\r\n\r\n\/* Webstudio albaniav45d section *\/\r\n.e-con-full .elementor-widget-html .webstudio_albaniav45d_section{\r\n\tpadding-top:20px;\r\n\tpadding-bottom:20px;\r\n}\r\n<\/style>\r\n\r\n<section class=\"webstudio_albaniav45d_section\">\r\n    <div class=\"webstudio_albaniav45d_container\">\r\n        <div class=\"webstudio_albaniav45d_column webstudio_albaniav45d_col_left\">\r\n            <div class=\"webstudio_albaniav45d_image_container\">\r\n                <img decoding=\"async\" src=\"https:\/\/ivftirana.com\/wp-content\/uploads\/2025\/08\/about.jpg\" alt=\"About Hospa\" loading=\"lazy\">\r\n                <div class=\"webstudio_albaniav45d_award\">\r\n                    <img decoding=\"async\" src=\"https:\/\/ivftirana.com\/wp-content\/uploads\/2025\/08\/award-1.png\" alt=\"Award\" loading=\"lazy\">\r\n                    <div class=\"webstudio_albaniav45d_shape_left\">\r\n                        <svg viewbox=\"0 0 11 11\" fill=\"none\" xmlns=\"http:\/\/www.w3.org\/2000\/svg\" class=\"webstudio_albaniav45d_shape_svg\">\r\n                            <path d=\"M11 1.54972e-06L0 0L2.38419e-07 11C1.65973e-07 4.92487 4.92487 1.62217e-06 11 1.54972e-06Z\"><\/path>\r\n                        <\/svg>\r\n                    <\/div>\r\n                    <div class=\"webstudio_albaniav45d_shape_right\">\r\n                        <svg viewbox=\"0 0 11 11\" fill=\"none\" xmlns=\"http:\/\/www.w3.org\/2000\/svg\" class=\"webstudio_albaniav45d_shape_svg\">\r\n                            <path d=\"M11 1.54972e-06L0 0L2.38419e-07 11C1.65973e-07 4.92487 4.92487 1.62217e-06 11 1.54972e-06Z\"><\/path>\r\n                        <\/svg>\r\n                    <\/div>\r\n                <\/div>\r\n            <\/div>\r\n        <\/div>\r\n        <div class=\"webstudio_albaniav45d_column webstudio_albaniav45d_col_right\">\r\n            <div class=\"webstudio_albaniav45d_content\">\r\n                <span class=\"webstudio_albaniav45d_subtitle\">Rreth \"IVF CLINIC TIRANA\"<\/span>\r\n                <h2 class=\"webstudio_albaniav45d_title\">Histerosalpingografia (HSG)<\/strong><\/h2>\r\n                <p class=\"webstudio_albaniav45d_text\">HSG \u00ebsht\u00eb nj\u00eb procedur\u00eb e avancuar me rreze X e p\u00ebrdorur p\u00ebr t\u00eb eksploruar mitr\u00ebn dhe tubat fallopiane p\u00ebr t\u00eb zbuluar bllokime ose anomalit\u00eb q\u00eb mund t\u00eb ndikojn\u00eb n\u00eb fertilitet.<br><br>\r\n                <b>Procesi HSG - 3 Hapa t\u00eb Thjesht\u00eb<\/b><br><br>\r\n                <b>Hapi 1: P\u00ebrgatitja<\/b><br>\r\nJu shtriheni n\u00eb tavolin\u00ebn e rrezeve X nd\u00ebrsa mjeku fut but\u00ebsisht nj\u00eb spekulum dhe pastron qaf\u00ebn e mitr\u00ebs.<br>\r\n<b>Hapi 2: Injeksioni i ngjyr\u00ebs<\/b><br>\r\nNj\u00eb ngjyrues kontrasti i sigurt futet n\u00eb mit\u00ebr p\u00ebr t\u00eb nxjerr\u00eb n\u00eb pah mitr\u00ebn dhe tubat fallopian\u00eb.<br>\r\n<b>Hapi 3: Eko me rreze X<\/b><br>\r\nMerren imazhe me rreze X n\u00eb koh\u00eb reale p\u00ebr t\u00eb eksploruar form\u00ebn e mitr\u00ebs dhe p\u00ebr t\u00eb kontrolluar n\u00ebse tubat fallopian\u00eb jan\u00eb t\u00eb hapur ose t\u00eb bllokuar.<\/p>\r\n                <p class=\"webstudio_albaniav45d_text\"><b>P\u00ebrfitimet e HSG<\/b><br><br>\r\n               <b> 1. Kontrollon hap\u00ebsin\u00eb e tubave fallopian\u00eb <\/b>\u2013 P\u00ebrcakton n\u00ebse tubat fallopian\u00eb jan\u00eb t\u00eb hapur ose t\u00eb bllokuar.<br>\r\n                <b>2. Vler\u00ebson sh\u00ebndetin e mitr\u00ebs<\/b> \u2013 Identifikon anomalit\u00eb si polipet, fibroidet ose aderencat.<br>\r\n               <b> 3. Udh\u00ebzon trajtimin e fertilitetit<\/b> \u2013 Ndihmon mjek\u00ebt t\u00eb zgjedhin rrug\u00ebn m\u00eb t\u00eb mir\u00eb p\u00ebr konceptimin.<\/r><\/p>\r\n                \r\n                <div class=\"webstudio_albaniav45d_features_section\">\r\n                    <div class=\"webstudio_albaniav45d_features_row\">\r\n                        <div class=\"webstudio_albaniav45d_feature_col\">\r\n                            <div class=\"webstudio_albaniav45d_box\">\r\n                                <h4>Histori e Besueshme<\/h4>\r\n                                <p>Historiku, Ekspertiza dhe Arritjet e Klinik\u00ebs.<\/p>\r\n                            <\/div>\r\n                        <\/div>\r\n                        <div class=\"webstudio_albaniav45d_feature_col\">\r\n                            <div class=\"webstudio_albaniav45d_box\">\r\n                                <h4>Mision dhe Vlera t\u00eb Qarta<\/h4>\r\n                                <p>Transformimi i jet\u00ebs dhe krijimi i rezultateve t\u00eb sigurta.<\/p>\r\n                            <\/div>\r\n                        <\/div>\r\n                        <div class=\"webstudio_albaniav45d_feature_col\">\r\n                            <div class=\"webstudio_albaniav45d_box\">\r\n                                <h4>Teknologji Moderne&amp; Ekspertiz\u00eb<\/h4>\r\n                                <p>Teknologji riprodhuese t\u00eb avancuara dhe specialist\u00eb me p\u00ebrvoj\u00eb.<\/p>\r\n                            <\/div>\r\n                        <\/div>\r\n                    <\/div>\r\n                <\/div>\r\n\r\n        <\/div>\r\n    <\/div>\r\n<\/section>\t\t\t\t<\/div>\n\t\t\t\t<\/div>\n\t\t\t\t<\/div>","protected":false},"excerpt":{"rendered":"<p>Medical &#038; Personalized Care! Hysterosalpingography (HSG) ABOUT &#8220;IVF CLINIC TIRANA&#8221; Hysterosalpingography (HSG) HSG is an advanced X-ray procedure used to explore the uterus and fallopian tubes to detect blockages or abnormalities that may affect fertility. HSG Process \u2013 3 Simple Steps Step 1: Preparation You lie on the X-ray table while the doctor gently inserts [&hellip;]<\/p>\n","protected":false},"author":2,"featured_media":0,"parent":0,"menu_order":0,"comment_status":"closed","ping_status":"closed","template":"","meta":{"footnotes":""},"class_list":["post-2157","page","type-page","status-publish","hentry"],"_links":{"self":[{"href":"https:\/\/ivftirana.com\/sq\/wp-json\/wp\/v2\/pages\/2157","targetHints":{"allow":["GET"]}}],"collection":[{"href":"https:\/\/ivftirana.com\/sq\/wp-json\/wp\/v2\/pages"}],"about":[{"href":"https:\/\/ivftirana.com\/sq\/wp-json\/wp\/v2\/types\/page"}],"author":[{"embeddable":true,"href":"https:\/\/ivftirana.com\/sq\/wp-json\/wp\/v2\/users\/2"}],"replies":[{"embeddable":true,"href":"https:\/\/ivftirana.com\/sq\/wp-json\/wp\/v2\/comments?post=2157"}],"version-history":[{"count":17,"href":"https:\/\/ivftirana.com\/sq\/wp-json\/wp\/v2\/pages\/2157\/revisions"}],"predecessor-version":[{"id":2305,"href":"https:\/\/ivftirana.com\/sq\/wp-json\/wp\/v2\/pages\/2157\/revisions\/2305"}],"wp:attachment":[{"href":"https:\/\/ivftirana.com\/sq\/wp-json\/wp\/v2\/media?parent=2157"}],"curies":[{"name":"wp","href":"https:\/\/api.w.org\/{rel}","templated":true}]}}